{"id":290,"date":"2021-04-13T19:57:32","date_gmt":"2021-04-13T19:57:32","guid":{"rendered":"https:\/\/vecchioforno.mx\/nosotros\/"},"modified":"2023-01-27T02:51:16","modified_gmt":"2023-01-27T02:51:16","slug":"about","status":"publish","type":"page","link":"https:\/\/vecchioforno.mx\/en\/about\/","title":{"rendered":"Family and Italian Tradition."},"content":{"rendered":"","protected":false},"excerpt":{"rendered":"","protected":false},"author":1,"featured_media":0,"parent":0,"menu_order":0,"comment_status":"closed","ping_status":"closed","template":"nosotros.php","meta":{"footnotes":""},"class_list":["post-290","page","type-page","status-publish","hentry"],"yoast_head":"<!-- This site is optimized with the Yoast SEO plugin v24.9 - https:\/\/yoast.com\/wordpress\/plugins\/seo\/ -->\n<title>About Us |Italian Family and Tradition | Vecchio Forno<\/title>\n<meta name=\"description\" content=\"Vecchio Forno is a family-owned restaurant run by third generation neapolitan restaurateurs. Visit us and enjoy our authentic Italian cuisine. Learn more\" \/>\n<meta name=\"robots\" content=\"index, follow, max-snippet:-1, max-image-preview:large, max-video-preview:-1\" \/>\n<link rel=\"canonical\" href=\"https:\/\/vecchioforno.mx\/en\/about\/\" \/>\n<meta property=\"og:locale\" content=\"en_US\" \/>\n<meta property=\"og:type\" content=\"article\" \/>\n<meta property=\"og:title\" content=\"Sobre nosotros: familia y tradici\u00f3n italiana | Vecchio Forno\" \/>\n<meta property=\"og:description\" content=\"Fruto de una tradici\u00f3n de restauranteros napolitanos, Vecchio Forno celebra d\u00eda y noche los sabores esenciales de la cocina italiana. Conoce nuestra historia.\" \/>\n<meta property=\"og:url\" content=\"https:\/\/vecchioforno.mx\/en\/about\/\" \/>\n<meta property=\"og:site_name\" content=\"Vecchio Forno\" \/>\n<meta property=\"article:publisher\" content=\"https:\/\/www.facebook.com\/VecchioFornoMX\/\" \/>\n<meta property=\"article:modified_time\" content=\"2023-01-27T02:51:16+00:00\" \/>\n<meta property=\"og:image\" content=\"https:\/\/vecchioforno.mx\/wp-content\/uploads\/2021\/04\/1.jpg\" \/>\n\t<meta property=\"og:image:width\" content=\"1400\" \/>\n\t<meta property=\"og:image:height\" content=\"933\" \/>\n\t<meta property=\"og:image:type\" content=\"image\/jpeg\" \/>\n<meta name=\"twitter:card\" content=\"summary_large_image\" \/>\n<meta name=\"twitter:title\" content=\"Sobre nosotros: familia y tradici\u00f3n italiana | Vecchio Forno\" \/>\n<meta name=\"twitter:description\" content=\"Fruto de una tradici\u00f3n de restauranteros napolitanos, Vecchio Forno celebra d\u00eda y noche los sabores esenciales de la cocina italiana. Conoce nuestra historia.\" \/>\n<meta name=\"twitter:image\" content=\"https:\/\/vecchioforno.mx\/wp-content\/uploads\/2021\/04\/1.jpg\" \/>\n<meta name=\"twitter:site\" content=\"@VecchioFornoMX\" \/>\n<script type=\"application\/ld+json\" class=\"yoast-schema-graph\">{\"@context\":\"https:\/\/schema.org\",\"@graph\":[{\"@type\":\"WebPage\",\"@id\":\"https:\/\/vecchioforno.mx\/en\/about\/\",\"url\":\"https:\/\/vecchioforno.mx\/en\/about\/\",\"name\":\"About Us |Italian Family and Tradition | Vecchio Forno\",\"isPartOf\":{\"@id\":\"https:\/\/vecchioforno.mx\/#website\"},\"datePublished\":\"2021-04-13T19:57:32+00:00\",\"dateModified\":\"2023-01-27T02:51:16+00:00\",\"description\":\"Vecchio Forno is a family-owned restaurant run by third generation neapolitan restaurateurs. Visit us and enjoy our authentic Italian cuisine. Learn more\",\"breadcrumb\":{\"@id\":\"https:\/\/vecchioforno.mx\/en\/about\/#breadcrumb\"},\"inLanguage\":\"en-US\",\"potentialAction\":[{\"@type\":\"ReadAction\",\"target\":[\"https:\/\/vecchioforno.mx\/en\/about\/\"]}]},{\"@type\":\"BreadcrumbList\",\"@id\":\"https:\/\/vecchioforno.mx\/en\/about\/#breadcrumb\",\"itemListElement\":[{\"@type\":\"ListItem\",\"position\":1,\"name\":\"Inicio\",\"item\":\"https:\/\/vecchioforno.mx\/en\/\"},{\"@type\":\"ListItem\",\"position\":2,\"name\":\"Family and Italian Tradition.\"}]},{\"@type\":\"WebSite\",\"@id\":\"https:\/\/vecchioforno.mx\/#website\",\"url\":\"https:\/\/vecchioforno.mx\/\",\"name\":\"Vecchio Forno\",\"description\":\"Fruto de una tradici\u00f3n familiar de restauranteros de origen napolitano,\",\"publisher\":{\"@id\":\"https:\/\/vecchioforno.mx\/#organization\"},\"potentialAction\":[{\"@type\":\"SearchAction\",\"target\":{\"@type\":\"EntryPoint\",\"urlTemplate\":\"https:\/\/vecchioforno.mx\/?s={search_term_string}\"},\"query-input\":{\"@type\":\"PropertyValueSpecification\",\"valueRequired\":true,\"valueName\":\"search_term_string\"}}],\"inLanguage\":\"en-US\"},{\"@type\":\"Organization\",\"@id\":\"https:\/\/vecchioforno.mx\/#organization\",\"name\":\"Vecchio Forno\",\"url\":\"https:\/\/vecchioforno.mx\/\",\"logo\":{\"@type\":\"ImageObject\",\"inLanguage\":\"en-US\",\"@id\":\"https:\/\/vecchioforno.mx\/#\/schema\/logo\/image\/\",\"url\":\"https:\/\/vecchioforno.mx\/wp-content\/uploads\/2021\/10\/logo.jpg\",\"contentUrl\":\"https:\/\/vecchioforno.mx\/wp-content\/uploads\/2021\/10\/logo.jpg\",\"width\":900,\"height\":352,\"caption\":\"Vecchio Forno\"},\"image\":{\"@id\":\"https:\/\/vecchioforno.mx\/#\/schema\/logo\/image\/\"},\"sameAs\":[\"https:\/\/www.facebook.com\/VecchioFornoMX\/\",\"https:\/\/x.com\/VecchioFornoMX\",\"https:\/\/www.instagram.com\/vecchiofornomx\/\"]}]}<\/script>\n<!-- \/ Yoast SEO plugin. -->","yoast_head_json":{"title":"About Us |Italian Family and Tradition | Vecchio Forno","description":"Vecchio Forno is a family-owned restaurant run by third generation neapolitan restaurateurs. Visit us and enjoy our authentic Italian cuisine. Learn more","robots":{"index":"index","follow":"follow","max-snippet":"max-snippet:-1","max-image-preview":"max-image-preview:large","max-video-preview":"max-video-preview:-1"},"canonical":"https:\/\/vecchioforno.mx\/en\/about\/","og_locale":"en_US","og_type":"article","og_title":"Sobre nosotros: familia y tradici\u00f3n italiana | Vecchio Forno","og_description":"Fruto de una tradici\u00f3n de restauranteros napolitanos, Vecchio Forno celebra d\u00eda y noche los sabores esenciales de la cocina italiana. Conoce nuestra historia.","og_url":"https:\/\/vecchioforno.mx\/en\/about\/","og_site_name":"Vecchio Forno","article_publisher":"https:\/\/www.facebook.com\/VecchioFornoMX\/","article_modified_time":"2023-01-27T02:51:16+00:00","og_image":[{"width":1400,"height":933,"url":"https:\/\/vecchioforno.mx\/wp-content\/uploads\/2021\/04\/1.jpg","type":"image\/jpeg"}],"twitter_card":"summary_large_image","twitter_title":"Sobre nosotros: familia y tradici\u00f3n italiana | Vecchio Forno","twitter_description":"Fruto de una tradici\u00f3n de restauranteros napolitanos, Vecchio Forno celebra d\u00eda y noche los sabores esenciales de la cocina italiana. Conoce nuestra historia.","twitter_image":"https:\/\/vecchioforno.mx\/wp-content\/uploads\/2021\/04\/1.jpg","twitter_site":"@VecchioFornoMX","schema":{"@context":"https:\/\/schema.org","@graph":[{"@type":"WebPage","@id":"https:\/\/vecchioforno.mx\/en\/about\/","url":"https:\/\/vecchioforno.mx\/en\/about\/","name":"About Us |Italian Family and Tradition | Vecchio Forno","isPartOf":{"@id":"https:\/\/vecchioforno.mx\/#website"},"datePublished":"2021-04-13T19:57:32+00:00","dateModified":"2023-01-27T02:51:16+00:00","description":"Vecchio Forno is a family-owned restaurant run by third generation neapolitan restaurateurs. Visit us and enjoy our authentic Italian cuisine. Learn more","breadcrumb":{"@id":"https:\/\/vecchioforno.mx\/en\/about\/#breadcrumb"},"inLanguage":"en-US","potentialAction":[{"@type":"ReadAction","target":["https:\/\/vecchioforno.mx\/en\/about\/"]}]},{"@type":"BreadcrumbList","@id":"https:\/\/vecchioforno.mx\/en\/about\/#breadcrumb","itemListElement":[{"@type":"ListItem","position":1,"name":"Inicio","item":"https:\/\/vecchioforno.mx\/en\/"},{"@type":"ListItem","position":2,"name":"Family and Italian Tradition."}]},{"@type":"WebSite","@id":"https:\/\/vecchioforno.mx\/#website","url":"https:\/\/vecchioforno.mx\/","name":"Vecchio Forno","description":"Fruto de una tradici\u00f3n familiar de restauranteros de origen napolitano,","publisher":{"@id":"https:\/\/vecchioforno.mx\/#organization"},"potentialAction":[{"@type":"SearchAction","target":{"@type":"EntryPoint","urlTemplate":"https:\/\/vecchioforno.mx\/?s={search_term_string}"},"query-input":{"@type":"PropertyValueSpecification","valueRequired":true,"valueName":"search_term_string"}}],"inLanguage":"en-US"},{"@type":"Organization","@id":"https:\/\/vecchioforno.mx\/#organization","name":"Vecchio Forno","url":"https:\/\/vecchioforno.mx\/","logo":{"@type":"ImageObject","inLanguage":"en-US","@id":"https:\/\/vecchioforno.mx\/#\/schema\/logo\/image\/","url":"https:\/\/vecchioforno.mx\/wp-content\/uploads\/2021\/10\/logo.jpg","contentUrl":"https:\/\/vecchioforno.mx\/wp-content\/uploads\/2021\/10\/logo.jpg","width":900,"height":352,"caption":"Vecchio Forno"},"image":{"@id":"https:\/\/vecchioforno.mx\/#\/schema\/logo\/image\/"},"sameAs":["https:\/\/www.facebook.com\/VecchioFornoMX\/","https:\/\/x.com\/VecchioFornoMX","https:\/\/www.instagram.com\/vecchiofornomx\/"]}]}},"_links":{"self":[{"href":"https:\/\/vecchioforno.mx\/en\/wp-json\/wp\/v2\/pages\/290","targetHints":{"allow":["GET"]}}],"collection":[{"href":"https:\/\/vecchioforno.mx\/en\/wp-json\/wp\/v2\/pages"}],"about":[{"href":"https:\/\/vecchioforno.mx\/en\/wp-json\/wp\/v2\/types\/page"}],"author":[{"embeddable":true,"href":"https:\/\/vecchioforno.mx\/en\/wp-json\/wp\/v2\/users\/1"}],"replies":[{"embeddable":true,"href":"https:\/\/vecchioforno.mx\/en\/wp-json\/wp\/v2\/comments?post=290"}],"version-history":[{"count":2,"href":"https:\/\/vecchioforno.mx\/en\/wp-json\/wp\/v2\/pages\/290\/revisions"}],"predecessor-version":[{"id":364,"href":"https:\/\/vecchioforno.mx\/en\/wp-json\/wp\/v2\/pages\/290\/revisions\/364"}],"wp:attachment":[{"href":"https:\/\/vecchioforno.mx\/en\/wp-json\/wp\/v2\/media?parent=290"}],"curies":[{"name":"wp","href":"https:\/\/api.w.org\/{rel}","templated":true}]}}