{"id":288,"date":"2021-04-13T19:57:45","date_gmt":"2021-04-13T19:57:45","guid":{"rendered":"https:\/\/vecchioforno.mx\/facturacion\/"},"modified":"2022-08-01T14:58:10","modified_gmt":"2022-08-01T14:58:10","slug":"invoices","status":"publish","type":"page","link":"https:\/\/vecchioforno.mx\/en\/invoices\/","title":{"rendered":"Billing"},"content":{"rendered":"","protected":false},"excerpt":{"rendered":"","protected":false},"author":1,"featured_media":0,"parent":0,"menu_order":0,"comment_status":"closed","ping_status":"closed","template":"facturacion.php","meta":{"footnotes":""},"class_list":["post-288","page","type-page","status-publish","hentry"],"yoast_head":"<!-- This site is optimized with the Yoast SEO plugin v24.9 - https:\/\/yoast.com\/wordpress\/plugins\/seo\/ -->\n<title>Request an Invoice | Vecchio Forno<\/title>\n<meta name=\"description\" content=\"Request your invoice online in our website. Add your details in our form to generate an invoice or call our office if you need assistance.\" \/>\n<meta name=\"robots\" content=\"index, follow, max-snippet:-1, max-image-preview:large, max-video-preview:-1\" \/>\n<link rel=\"canonical\" href=\"https:\/\/vecchioforno.mx\/en\/invoices\/\" \/>\n<meta property=\"og:locale\" content=\"en_US\" \/>\n<meta property=\"og:type\" content=\"article\" \/>\n<meta property=\"og:title\" content=\"Facturaci\u00f3n | Genera tu factura | Vecchio Forno\" \/>\n<meta property=\"og:description\" content=\"Genera tu factura en l\u00ednea en nuestro portal de facturaci\u00f3n. Ingresa tus datos aqu\u00ed para facturar tu consumo o cont\u00e1ctanos para aclaraciones.\" \/>\n<meta property=\"og:url\" content=\"https:\/\/vecchioforno.mx\/en\/invoices\/\" \/>\n<meta property=\"og:site_name\" content=\"Vecchio Forno\" \/>\n<meta property=\"article:publisher\" content=\"https:\/\/www.facebook.com\/VecchioFornoMX\/\" \/>\n<meta property=\"article:modified_time\" content=\"2022-08-01T14:58:10+00:00\" \/>\n<meta property=\"og:image\" content=\"https:\/\/vecchioforno.mx\/wp-content\/uploads\/2021\/04\/1.jpg\" \/>\n\t<meta property=\"og:image:width\" content=\"1400\" \/>\n\t<meta property=\"og:image:height\" content=\"933\" \/>\n\t<meta property=\"og:image:type\" content=\"image\/jpeg\" \/>\n<meta name=\"twitter:card\" content=\"summary_large_image\" \/>\n<meta name=\"twitter:title\" content=\"Facturaci\u00f3n | Genera tu factura | Vecchio Forno\" \/>\n<meta name=\"twitter:description\" content=\"Genera tu factura en l\u00ednea en nuestro portal de facturaci\u00f3n. Ingresa tus datos aqu\u00ed para facturar tu consumo o cont\u00e1ctanos para aclaraciones.\" \/>\n<meta name=\"twitter:image\" content=\"https:\/\/vecchioforno.mx\/wp-content\/uploads\/2021\/04\/1.jpg\" \/>\n<meta name=\"twitter:site\" content=\"@VecchioFornoMX\" \/>\n<script type=\"application\/ld+json\" class=\"yoast-schema-graph\">{\"@context\":\"https:\/\/schema.org\",\"@graph\":[{\"@type\":\"WebPage\",\"@id\":\"https:\/\/vecchioforno.mx\/en\/invoices\/\",\"url\":\"https:\/\/vecchioforno.mx\/en\/invoices\/\",\"name\":\"Request an Invoice | Vecchio Forno\",\"isPartOf\":{\"@id\":\"https:\/\/vecchioforno.mx\/#website\"},\"datePublished\":\"2021-04-13T19:57:45+00:00\",\"dateModified\":\"2022-08-01T14:58:10+00:00\",\"description\":\"Request your invoice online in our website. Add your details in our form to generate an invoice or call our office if you need assistance.\",\"breadcrumb\":{\"@id\":\"https:\/\/vecchioforno.mx\/en\/invoices\/#breadcrumb\"},\"inLanguage\":\"en-US\",\"potentialAction\":[{\"@type\":\"ReadAction\",\"target\":[\"https:\/\/vecchioforno.mx\/en\/invoices\/\"]}]},{\"@type\":\"BreadcrumbList\",\"@id\":\"https:\/\/vecchioforno.mx\/en\/invoices\/#breadcrumb\",\"itemListElement\":[{\"@type\":\"ListItem\",\"position\":1,\"name\":\"Inicio\",\"item\":\"https:\/\/vecchioforno.mx\/en\/\"},{\"@type\":\"ListItem\",\"position\":2,\"name\":\"Billing\"}]},{\"@type\":\"WebSite\",\"@id\":\"https:\/\/vecchioforno.mx\/#website\",\"url\":\"https:\/\/vecchioforno.mx\/\",\"name\":\"Vecchio Forno\",\"description\":\"Fruto de una tradici\u00f3n familiar de restauranteros de origen napolitano,\",\"publisher\":{\"@id\":\"https:\/\/vecchioforno.mx\/#organization\"},\"potentialAction\":[{\"@type\":\"SearchAction\",\"target\":{\"@type\":\"EntryPoint\",\"urlTemplate\":\"https:\/\/vecchioforno.mx\/?s={search_term_string}\"},\"query-input\":{\"@type\":\"PropertyValueSpecification\",\"valueRequired\":true,\"valueName\":\"search_term_string\"}}],\"inLanguage\":\"en-US\"},{\"@type\":\"Organization\",\"@id\":\"https:\/\/vecchioforno.mx\/#organization\",\"name\":\"Vecchio Forno\",\"url\":\"https:\/\/vecchioforno.mx\/\",\"logo\":{\"@type\":\"ImageObject\",\"inLanguage\":\"en-US\",\"@id\":\"https:\/\/vecchioforno.mx\/#\/schema\/logo\/image\/\",\"url\":\"https:\/\/vecchioforno.mx\/wp-content\/uploads\/2021\/10\/logo.jpg\",\"contentUrl\":\"https:\/\/vecchioforno.mx\/wp-content\/uploads\/2021\/10\/logo.jpg\",\"width\":900,\"height\":352,\"caption\":\"Vecchio Forno\"},\"image\":{\"@id\":\"https:\/\/vecchioforno.mx\/#\/schema\/logo\/image\/\"},\"sameAs\":[\"https:\/\/www.facebook.com\/VecchioFornoMX\/\",\"https:\/\/x.com\/VecchioFornoMX\",\"https:\/\/www.instagram.com\/vecchiofornomx\/\"]}]}<\/script>\n<!-- \/ Yoast SEO plugin. -->","yoast_head_json":{"title":"Request an Invoice | Vecchio Forno","description":"Request your invoice online in our website. Add your details in our form to generate an invoice or call our office if you need assistance.","robots":{"index":"index","follow":"follow","max-snippet":"max-snippet:-1","max-image-preview":"max-image-preview:large","max-video-preview":"max-video-preview:-1"},"canonical":"https:\/\/vecchioforno.mx\/en\/invoices\/","og_locale":"en_US","og_type":"article","og_title":"Facturaci\u00f3n | Genera tu factura | Vecchio Forno","og_description":"Genera tu factura en l\u00ednea en nuestro portal de facturaci\u00f3n. Ingresa tus datos aqu\u00ed para facturar tu consumo o cont\u00e1ctanos para aclaraciones.","og_url":"https:\/\/vecchioforno.mx\/en\/invoices\/","og_site_name":"Vecchio Forno","article_publisher":"https:\/\/www.facebook.com\/VecchioFornoMX\/","article_modified_time":"2022-08-01T14:58:10+00:00","og_image":[{"width":1400,"height":933,"url":"https:\/\/vecchioforno.mx\/wp-content\/uploads\/2021\/04\/1.jpg","type":"image\/jpeg"}],"twitter_card":"summary_large_image","twitter_title":"Facturaci\u00f3n | Genera tu factura | Vecchio Forno","twitter_description":"Genera tu factura en l\u00ednea en nuestro portal de facturaci\u00f3n. Ingresa tus datos aqu\u00ed para facturar tu consumo o cont\u00e1ctanos para aclaraciones.","twitter_image":"https:\/\/vecchioforno.mx\/wp-content\/uploads\/2021\/04\/1.jpg","twitter_site":"@VecchioFornoMX","schema":{"@context":"https:\/\/schema.org","@graph":[{"@type":"WebPage","@id":"https:\/\/vecchioforno.mx\/en\/invoices\/","url":"https:\/\/vecchioforno.mx\/en\/invoices\/","name":"Request an Invoice | Vecchio Forno","isPartOf":{"@id":"https:\/\/vecchioforno.mx\/#website"},"datePublished":"2021-04-13T19:57:45+00:00","dateModified":"2022-08-01T14:58:10+00:00","description":"Request your invoice online in our website. Add your details in our form to generate an invoice or call our office if you need assistance.","breadcrumb":{"@id":"https:\/\/vecchioforno.mx\/en\/invoices\/#breadcrumb"},"inLanguage":"en-US","potentialAction":[{"@type":"ReadAction","target":["https:\/\/vecchioforno.mx\/en\/invoices\/"]}]},{"@type":"BreadcrumbList","@id":"https:\/\/vecchioforno.mx\/en\/invoices\/#breadcrumb","itemListElement":[{"@type":"ListItem","position":1,"name":"Inicio","item":"https:\/\/vecchioforno.mx\/en\/"},{"@type":"ListItem","position":2,"name":"Billing"}]},{"@type":"WebSite","@id":"https:\/\/vecchioforno.mx\/#website","url":"https:\/\/vecchioforno.mx\/","name":"Vecchio Forno","description":"Fruto de una tradici\u00f3n familiar de restauranteros de origen napolitano,","publisher":{"@id":"https:\/\/vecchioforno.mx\/#organization"},"potentialAction":[{"@type":"SearchAction","target":{"@type":"EntryPoint","urlTemplate":"https:\/\/vecchioforno.mx\/?s={search_term_string}"},"query-input":{"@type":"PropertyValueSpecification","valueRequired":true,"valueName":"search_term_string"}}],"inLanguage":"en-US"},{"@type":"Organization","@id":"https:\/\/vecchioforno.mx\/#organization","name":"Vecchio Forno","url":"https:\/\/vecchioforno.mx\/","logo":{"@type":"ImageObject","inLanguage":"en-US","@id":"https:\/\/vecchioforno.mx\/#\/schema\/logo\/image\/","url":"https:\/\/vecchioforno.mx\/wp-content\/uploads\/2021\/10\/logo.jpg","contentUrl":"https:\/\/vecchioforno.mx\/wp-content\/uploads\/2021\/10\/logo.jpg","width":900,"height":352,"caption":"Vecchio Forno"},"image":{"@id":"https:\/\/vecchioforno.mx\/#\/schema\/logo\/image\/"},"sameAs":["https:\/\/www.facebook.com\/VecchioFornoMX\/","https:\/\/x.com\/VecchioFornoMX","https:\/\/www.instagram.com\/vecchiofornomx\/"]}]}},"_links":{"self":[{"href":"https:\/\/vecchioforno.mx\/en\/wp-json\/wp\/v2\/pages\/288","targetHints":{"allow":["GET"]}}],"collection":[{"href":"https:\/\/vecchioforno.mx\/en\/wp-json\/wp\/v2\/pages"}],"about":[{"href":"https:\/\/vecchioforno.mx\/en\/wp-json\/wp\/v2\/types\/page"}],"author":[{"embeddable":true,"href":"https:\/\/vecchioforno.mx\/en\/wp-json\/wp\/v2\/users\/1"}],"replies":[{"embeddable":true,"href":"https:\/\/vecchioforno.mx\/en\/wp-json\/wp\/v2\/comments?post=288"}],"version-history":[{"count":1,"href":"https:\/\/vecchioforno.mx\/en\/wp-json\/wp\/v2\/pages\/288\/revisions"}],"predecessor-version":[{"id":293,"href":"https:\/\/vecchioforno.mx\/en\/wp-json\/wp\/v2\/pages\/288\/revisions\/293"}],"wp:attachment":[{"href":"https:\/\/vecchioforno.mx\/en\/wp-json\/wp\/v2\/media?parent=288"}],"curies":[{"name":"wp","href":"https:\/\/api.w.org\/{rel}","templated":true}]}}