{"id":287,"date":"2021-04-13T19:57:37","date_gmt":"2021-04-13T19:57:37","guid":{"rendered":"https:\/\/vecchioforno.mx\/contacto\/"},"modified":"2022-08-01T14:58:35","modified_gmt":"2022-08-01T14:58:35","slug":"contact","status":"publish","type":"page","link":"https:\/\/vecchioforno.mx\/en\/contact\/","title":{"rendered":"Contact"},"content":{"rendered":"","protected":false},"excerpt":{"rendered":"","protected":false},"author":1,"featured_media":0,"parent":0,"menu_order":0,"comment_status":"closed","ping_status":"closed","template":"contacto.php","meta":{"footnotes":""},"class_list":["post-287","page","type-page","status-publish","hentry"],"yoast_head":"<!-- This site is optimized with the Yoast SEO plugin v24.9 - https:\/\/yoast.com\/wordpress\/plugins\/seo\/ -->\n<title>Contact Us | Italian Restaurant in Mexico City | Vecchio Forno<\/title>\n<meta name=\"description\" content=\"Contact us for events, birthdays and more. Fill in our contact form, call us at 55 5553-4940 or send us an email at contacto@vecchioforno.mx\" \/>\n<meta name=\"robots\" content=\"index, follow, max-snippet:-1, max-image-preview:large, max-video-preview:-1\" \/>\n<link rel=\"canonical\" href=\"https:\/\/vecchioforno.mx\/en\/contact\/\" \/>\n<meta property=\"og:locale\" content=\"en_US\" \/>\n<meta property=\"og:type\" content=\"article\" \/>\n<meta property=\"og:title\" content=\"Contacto | Vecchio Forno\" \/>\n<meta property=\"og:description\" content=\"Cont\u00e1ctanos para eventos, cumplea\u00f1os y m\u00e1s. Llena nuestra forma del contacto, ll\u00e1manos al 55 5553-4940 o env\u00edanos un email a contacto@vecchioforno.mx.\" \/>\n<meta property=\"og:url\" content=\"https:\/\/vecchioforno.mx\/en\/contact\/\" \/>\n<meta property=\"og:site_name\" content=\"Vecchio Forno\" \/>\n<meta property=\"article:publisher\" content=\"https:\/\/www.facebook.com\/VecchioFornoMX\/\" \/>\n<meta property=\"article:modified_time\" content=\"2022-08-01T14:58:35+00:00\" \/>\n<meta property=\"og:image\" content=\"https:\/\/vecchioforno.mx\/wp-content\/uploads\/2021\/04\/1.jpg\" \/>\n\t<meta property=\"og:image:width\" content=\"1400\" \/>\n\t<meta property=\"og:image:height\" content=\"933\" \/>\n\t<meta property=\"og:image:type\" content=\"image\/jpeg\" \/>\n<meta name=\"twitter:card\" content=\"summary_large_image\" \/>\n<meta name=\"twitter:title\" content=\"Contacto | Vecchio Forno\" \/>\n<meta name=\"twitter:description\" content=\"Cont\u00e1ctanos para eventos, cumplea\u00f1os y m\u00e1s. Llena nuestra forma del contacto, ll\u00e1manos al 55 5553-4940 o env\u00edanos un email a contacto@vecchioforno.mx.\" \/>\n<meta name=\"twitter:image\" content=\"https:\/\/vecchioforno.mx\/wp-content\/uploads\/2021\/04\/1.jpg\" \/>\n<meta name=\"twitter:site\" content=\"@VecchioFornoMX\" \/>\n<script type=\"application\/ld+json\" class=\"yoast-schema-graph\">{\"@context\":\"https:\/\/schema.org\",\"@graph\":[{\"@type\":\"WebPage\",\"@id\":\"https:\/\/vecchioforno.mx\/en\/contact\/\",\"url\":\"https:\/\/vecchioforno.mx\/en\/contact\/\",\"name\":\"Contact Us | Italian Restaurant in Mexico City | Vecchio Forno\",\"isPartOf\":{\"@id\":\"https:\/\/vecchioforno.mx\/#website\"},\"datePublished\":\"2021-04-13T19:57:37+00:00\",\"dateModified\":\"2022-08-01T14:58:35+00:00\",\"description\":\"Contact us for events, birthdays and more. Fill in our contact form, call us at 55 5553-4940 or send us an email at contacto@vecchioforno.mx\",\"breadcrumb\":{\"@id\":\"https:\/\/vecchioforno.mx\/en\/contact\/#breadcrumb\"},\"inLanguage\":\"en-US\",\"potentialAction\":[{\"@type\":\"ReadAction\",\"target\":[\"https:\/\/vecchioforno.mx\/en\/contact\/\"]}]},{\"@type\":\"BreadcrumbList\",\"@id\":\"https:\/\/vecchioforno.mx\/en\/contact\/#breadcrumb\",\"itemListElement\":[{\"@type\":\"ListItem\",\"position\":1,\"name\":\"Inicio\",\"item\":\"https:\/\/vecchioforno.mx\/en\/\"},{\"@type\":\"ListItem\",\"position\":2,\"name\":\"Contact\"}]},{\"@type\":\"WebSite\",\"@id\":\"https:\/\/vecchioforno.mx\/#website\",\"url\":\"https:\/\/vecchioforno.mx\/\",\"name\":\"Vecchio Forno\",\"description\":\"Fruto de una tradici\u00f3n familiar de restauranteros de origen napolitano,\",\"publisher\":{\"@id\":\"https:\/\/vecchioforno.mx\/#organization\"},\"potentialAction\":[{\"@type\":\"SearchAction\",\"target\":{\"@type\":\"EntryPoint\",\"urlTemplate\":\"https:\/\/vecchioforno.mx\/?s={search_term_string}\"},\"query-input\":{\"@type\":\"PropertyValueSpecification\",\"valueRequired\":true,\"valueName\":\"search_term_string\"}}],\"inLanguage\":\"en-US\"},{\"@type\":\"Organization\",\"@id\":\"https:\/\/vecchioforno.mx\/#organization\",\"name\":\"Vecchio Forno\",\"url\":\"https:\/\/vecchioforno.mx\/\",\"logo\":{\"@type\":\"ImageObject\",\"inLanguage\":\"en-US\",\"@id\":\"https:\/\/vecchioforno.mx\/#\/schema\/logo\/image\/\",\"url\":\"https:\/\/vecchioforno.mx\/wp-content\/uploads\/2021\/10\/logo.jpg\",\"contentUrl\":\"https:\/\/vecchioforno.mx\/wp-content\/uploads\/2021\/10\/logo.jpg\",\"width\":900,\"height\":352,\"caption\":\"Vecchio Forno\"},\"image\":{\"@id\":\"https:\/\/vecchioforno.mx\/#\/schema\/logo\/image\/\"},\"sameAs\":[\"https:\/\/www.facebook.com\/VecchioFornoMX\/\",\"https:\/\/x.com\/VecchioFornoMX\",\"https:\/\/www.instagram.com\/vecchiofornomx\/\"]}]}<\/script>\n<!-- \/ Yoast SEO plugin. -->","yoast_head_json":{"title":"Contact Us | Italian Restaurant in Mexico City | Vecchio Forno","description":"Contact us for events, birthdays and more. Fill in our contact form, call us at 55 5553-4940 or send us an email at contacto@vecchioforno.mx","robots":{"index":"index","follow":"follow","max-snippet":"max-snippet:-1","max-image-preview":"max-image-preview:large","max-video-preview":"max-video-preview:-1"},"canonical":"https:\/\/vecchioforno.mx\/en\/contact\/","og_locale":"en_US","og_type":"article","og_title":"Contacto | Vecchio Forno","og_description":"Cont\u00e1ctanos para eventos, cumplea\u00f1os y m\u00e1s. Llena nuestra forma del contacto, ll\u00e1manos al 55 5553-4940 o env\u00edanos un email a contacto@vecchioforno.mx.","og_url":"https:\/\/vecchioforno.mx\/en\/contact\/","og_site_name":"Vecchio Forno","article_publisher":"https:\/\/www.facebook.com\/VecchioFornoMX\/","article_modified_time":"2022-08-01T14:58:35+00:00","og_image":[{"width":1400,"height":933,"url":"https:\/\/vecchioforno.mx\/wp-content\/uploads\/2021\/04\/1.jpg","type":"image\/jpeg"}],"twitter_card":"summary_large_image","twitter_title":"Contacto | Vecchio Forno","twitter_description":"Cont\u00e1ctanos para eventos, cumplea\u00f1os y m\u00e1s. Llena nuestra forma del contacto, ll\u00e1manos al 55 5553-4940 o env\u00edanos un email a contacto@vecchioforno.mx.","twitter_image":"https:\/\/vecchioforno.mx\/wp-content\/uploads\/2021\/04\/1.jpg","twitter_site":"@VecchioFornoMX","schema":{"@context":"https:\/\/schema.org","@graph":[{"@type":"WebPage","@id":"https:\/\/vecchioforno.mx\/en\/contact\/","url":"https:\/\/vecchioforno.mx\/en\/contact\/","name":"Contact Us | Italian Restaurant in Mexico City | Vecchio Forno","isPartOf":{"@id":"https:\/\/vecchioforno.mx\/#website"},"datePublished":"2021-04-13T19:57:37+00:00","dateModified":"2022-08-01T14:58:35+00:00","description":"Contact us for events, birthdays and more. Fill in our contact form, call us at 55 5553-4940 or send us an email at contacto@vecchioforno.mx","breadcrumb":{"@id":"https:\/\/vecchioforno.mx\/en\/contact\/#breadcrumb"},"inLanguage":"en-US","potentialAction":[{"@type":"ReadAction","target":["https:\/\/vecchioforno.mx\/en\/contact\/"]}]},{"@type":"BreadcrumbList","@id":"https:\/\/vecchioforno.mx\/en\/contact\/#breadcrumb","itemListElement":[{"@type":"ListItem","position":1,"name":"Inicio","item":"https:\/\/vecchioforno.mx\/en\/"},{"@type":"ListItem","position":2,"name":"Contact"}]},{"@type":"WebSite","@id":"https:\/\/vecchioforno.mx\/#website","url":"https:\/\/vecchioforno.mx\/","name":"Vecchio Forno","description":"Fruto de una tradici\u00f3n familiar de restauranteros de origen napolitano,","publisher":{"@id":"https:\/\/vecchioforno.mx\/#organization"},"potentialAction":[{"@type":"SearchAction","target":{"@type":"EntryPoint","urlTemplate":"https:\/\/vecchioforno.mx\/?s={search_term_string}"},"query-input":{"@type":"PropertyValueSpecification","valueRequired":true,"valueName":"search_term_string"}}],"inLanguage":"en-US"},{"@type":"Organization","@id":"https:\/\/vecchioforno.mx\/#organization","name":"Vecchio Forno","url":"https:\/\/vecchioforno.mx\/","logo":{"@type":"ImageObject","inLanguage":"en-US","@id":"https:\/\/vecchioforno.mx\/#\/schema\/logo\/image\/","url":"https:\/\/vecchioforno.mx\/wp-content\/uploads\/2021\/10\/logo.jpg","contentUrl":"https:\/\/vecchioforno.mx\/wp-content\/uploads\/2021\/10\/logo.jpg","width":900,"height":352,"caption":"Vecchio Forno"},"image":{"@id":"https:\/\/vecchioforno.mx\/#\/schema\/logo\/image\/"},"sameAs":["https:\/\/www.facebook.com\/VecchioFornoMX\/","https:\/\/x.com\/VecchioFornoMX","https:\/\/www.instagram.com\/vecchiofornomx\/"]}]}},"_links":{"self":[{"href":"https:\/\/vecchioforno.mx\/en\/wp-json\/wp\/v2\/pages\/287","targetHints":{"allow":["GET"]}}],"collection":[{"href":"https:\/\/vecchioforno.mx\/en\/wp-json\/wp\/v2\/pages"}],"about":[{"href":"https:\/\/vecchioforno.mx\/en\/wp-json\/wp\/v2\/types\/page"}],"author":[{"embeddable":true,"href":"https:\/\/vecchioforno.mx\/en\/wp-json\/wp\/v2\/users\/1"}],"replies":[{"embeddable":true,"href":"https:\/\/vecchioforno.mx\/en\/wp-json\/wp\/v2\/comments?post=287"}],"version-history":[{"count":1,"href":"https:\/\/vecchioforno.mx\/en\/wp-json\/wp\/v2\/pages\/287\/revisions"}],"predecessor-version":[{"id":292,"href":"https:\/\/vecchioforno.mx\/en\/wp-json\/wp\/v2\/pages\/287\/revisions\/292"}],"wp:attachment":[{"href":"https:\/\/vecchioforno.mx\/en\/wp-json\/wp\/v2\/media?parent=287"}],"curies":[{"name":"wp","href":"https:\/\/api.w.org\/{rel}","templated":true}]}}